{"id":51,"date":"2019-10-06T15:11:54","date_gmt":"2019-10-06T14:11:54","guid":{"rendered":"https:\/\/scavocatsassocies.wordpress.com\/?page_id=51"},"modified":"2026-02-06T12:00:09","modified_gmt":"2026-02-06T11:00:09","slug":"contacter-sc","status":"publish","type":"page","link":"https:\/\/sicault-cebe-avocats.fr\/?page_id=51","title":{"rendered":"Contacter S&#038;C"},"content":{"rendered":"\n<figure class=\"wp-block-table\"><table><thead><tr><th>Jean-Didier Sicault<\/th><th>R\u00e9mi C\u00e8be<\/th><\/tr><\/thead><tbody><tr><td>e-mail:  <a href=\"mailto:sicault@sicault-cebe-avocats.fr\">sicault@sicault-cebe-avocats.fr<\/a><\/td><td>e-mail\u00a0: <a href=\"mailto:cebe@sicault-cebe-avocats.fr\">cebe@sicault-cebe-avocats.fr<\/a><br>tel : +33 7 69 15 73 48<\/td><\/tr><\/tbody><\/table><figcaption><em>Pour <\/em><strong>contacter le Cabinet<\/strong><em>, nous vous demandons de remplir le <\/em><strong>formulaire<\/strong><em> suivant et de l\u2019adresser par message \u00e9lectronique \u00e0 :<\/em><\/figcaption><\/figure>\n\n\n\n<p class=\"has-small-font-size\"><a href=\"mailto:contact@sicault-cebe-avocats.fr\">contact@sicault-cebe-avocats.fr<\/a><\/p>\n\n\n\n<p class=\"has-small-font-size\"><strong>Formulaire<\/strong><\/p>\n\n\n\n<p class=\"has-small-font-size\"><strong>1. Vos donn\u00e9es de contact&nbsp;:<\/strong><\/p>\n\n\n\n<p class=\"has-small-font-size\">[NOM],\n[Pr\u00e9nom]<\/p>\n\n\n\n<p class=\"has-small-font-size\">Titre\nprofessionnel&nbsp;: ____________<\/p>\n\n\n\n<p class=\"has-small-font-size\">Nom\nde l\u2019employeur&nbsp;: ___________<\/p>\n\n\n\n<p class=\"has-small-font-size\">Adresse\n\u00e9lectronique&nbsp;: ______@_____<\/p>\n\n\n\n<p class=\"has-small-font-size\">Num\u00e9ro\nde t\u00e9l\u00e9phone&nbsp;: ___________<\/p>\n\n\n\n<p class=\"has-small-font-size\"><strong>2. La question ou la difficult\u00e9 que\nvous souhaitez nous confier&nbsp;: <\/strong><\/p>\n\n\n\n<p class=\"has-small-font-size\">[<em>d\u00e9crivez en quelques phrases, paragraphes,\nles difficult\u00e9s auxquelles vous faites face ou la question juridique que vous\nsouhaitez voir traiter]<\/em><\/p>\n\n\n\n<p class=\"has-small-font-size\"><strong>3. D\u00e9lai dans lequel vous souhaitez\nque vos questions soient trait\u00e9es&nbsp;:<\/strong><\/p>\n\n\n\n<p class=\"has-small-font-size\"><em>[si un d\u00e9lai vous est fix\u00e9, qu\u2019il\nr\u00e9sulte d\u2019une demande qui vous est faite ou d\u2019une disposition l\u00e9gale qui vous\nest applicable, veuillez l\u2019indiquer]<\/em><\/p>\n\n\n\n<p class=\"has-small-font-size\"><strong>4. Les documents que vous pensez\nutiles \u00e0 l\u2019examen de votre question, ou de la difficult\u00e9 que vous\nrencontrez&nbsp;:<\/strong><\/p>\n\n\n\n<p class=\"has-small-font-size\"><em>[Veuillez les joindre en format\n\u00e9lectronique \u00e0 votre message]<\/em><\/p>\n\n\n\n<p><strong><a href=\"http:\/\/sicault-cebe-avocats.fr\/?page_id=162\">Donn\u00e9es personnelles<\/a><\/strong><\/p>\n\n\n\n<figure class=\"wp-block-table alignleft\"><table><tbody><tr><td><strong>Sicault &amp; C\u00e8be<\/strong>   <br><strong>Avocats associ\u00e9s<\/strong>   <br>5 bis, rue Joseph Bara   <br>75006 Paris   &nbsp;   <\/td><\/tr><\/tbody><\/table><\/figure>\n\n\n\n<p><\/p>\n","protected":false},"excerpt":{"rendered":"<p>Jean-Didier Sicault R\u00e9mi C\u00e8be e-mail: sicault@sicault-cebe-avocats.fr e-mail\u00a0: cebe@sicault-cebe-avocats.frtel : +33 7 69 15 73 48 Pour contacter le Cabinet, nous vous demandons de remplir le formulaire suivant et de l\u2019adresser par message \u00e9lectronique \u00e0 : contact@sicault-cebe-avocats.fr Formulaire 1. Vos donn\u00e9es de contact&nbsp;: [NOM], [Pr\u00e9nom] Titre professionnel&nbsp;: ____________ Nom de l\u2019employeur&nbsp;: ___________ Adresse \u00e9lectronique&nbsp;: ______@_____ Num\u00e9ro &hellip; <a href=\"https:\/\/sicault-cebe-avocats.fr\/?page_id=51\" class=\"more-link\">Continuer la lecture<span class=\"screen-reader-text\"> de &laquo;&nbsp;Contacter S&#038;C&nbsp;&raquo;<\/span><\/a><\/p>\n","protected":false},"author":1,"featured_media":0,"parent":0,"menu_order":0,"comment_status":"closed","ping_status":"closed","template":"","meta":{"footnotes":""},"class_list":["post-51","page","type-page","status-publish","hentry"],"yoast_head":"<!-- This site is optimized with the Yoast SEO plugin v15.9 - https:\/\/yoast.com\/wordpress\/plugins\/seo\/ -->\n<title>Contacter S&amp;C - Sicault &amp; C\u00e8be<\/title>\n<meta name=\"description\" content=\"Remplissez le formulaire pour contacter Sicault &amp; C\u00e8be, cabinet d&#039;avocats associ\u00e9s.\" \/>\n<meta name=\"robots\" content=\"index, follow, max-snippet:-1, max-image-preview:large, max-video-preview:-1\" \/>\n<link rel=\"canonical\" href=\"https:\/\/sicault-cebe-avocats.fr\/?page_id=51\" \/>\n<meta property=\"og:locale\" content=\"fr_FR\" \/>\n<meta property=\"og:type\" content=\"article\" \/>\n<meta property=\"og:title\" content=\"Contacter S&amp;C - Sicault &amp; C\u00e8be\" \/>\n<meta property=\"og:description\" content=\"Remplissez le formulaire pour contacter Sicault &amp; C\u00e8be, cabinet d&#039;avocats associ\u00e9s.\" \/>\n<meta property=\"og:url\" content=\"https:\/\/sicault-cebe-avocats.fr\/?page_id=51\" \/>\n<meta property=\"og:site_name\" content=\"Sicault &amp; C\u00e8be\" \/>\n<meta property=\"article:modified_time\" content=\"2026-02-06T11:00:09+00:00\" \/>\n<meta name=\"twitter:card\" content=\"summary_large_image\" \/>\n<meta name=\"twitter:label1\" content=\"Dur\u00e9e de lecture est.\">\n\t<meta name=\"twitter:data1\" content=\"1 minute\">\n<script type=\"application\/ld+json\" class=\"yoast-schema-graph\">{\"@context\":\"https:\/\/schema.org\",\"@graph\":[{\"@type\":\"WebSite\",\"@id\":\"https:\/\/sicault-cebe-avocats.fr\/#website\",\"url\":\"https:\/\/sicault-cebe-avocats.fr\/\",\"name\":\"Sicault &amp; C\\u00e8be\",\"description\":\"Avocats Associ\\u00e9s\",\"potentialAction\":[{\"@type\":\"SearchAction\",\"target\":\"https:\/\/sicault-cebe-avocats.fr\/?s={search_term_string}\",\"query-input\":\"required name=search_term_string\"}],\"inLanguage\":\"fr-FR\"},{\"@type\":\"WebPage\",\"@id\":\"https:\/\/sicault-cebe-avocats.fr\/?page_id=51#webpage\",\"url\":\"https:\/\/sicault-cebe-avocats.fr\/?page_id=51\",\"name\":\"Contacter S&C - Sicault &amp; C\\u00e8be\",\"isPartOf\":{\"@id\":\"https:\/\/sicault-cebe-avocats.fr\/#website\"},\"datePublished\":\"2019-10-06T14:11:54+00:00\",\"dateModified\":\"2026-02-06T11:00:09+00:00\",\"description\":\"Remplissez le formulaire pour contacter Sicault & C\\u00e8be, cabinet d'avocats associ\\u00e9s.\",\"breadcrumb\":{\"@id\":\"https:\/\/sicault-cebe-avocats.fr\/?page_id=51#breadcrumb\"},\"inLanguage\":\"fr-FR\",\"potentialAction\":[{\"@type\":\"ReadAction\",\"target\":[\"https:\/\/sicault-cebe-avocats.fr\/?page_id=51\"]}]},{\"@type\":\"BreadcrumbList\",\"@id\":\"https:\/\/sicault-cebe-avocats.fr\/?page_id=51#breadcrumb\",\"itemListElement\":[{\"@type\":\"ListItem\",\"position\":1,\"item\":{\"@type\":\"WebPage\",\"@id\":\"https:\/\/sicault-cebe-avocats.fr\/\",\"url\":\"https:\/\/sicault-cebe-avocats.fr\/\",\"name\":\"Accueil\"}},{\"@type\":\"ListItem\",\"position\":2,\"item\":{\"@type\":\"WebPage\",\"@id\":\"https:\/\/sicault-cebe-avocats.fr\/?page_id=51\",\"url\":\"https:\/\/sicault-cebe-avocats.fr\/?page_id=51\",\"name\":\"Contacter S&#038;C\"}}]}]}<\/script>\n<!-- \/ Yoast SEO plugin. -->","_links":{"self":[{"href":"https:\/\/sicault-cebe-avocats.fr\/index.php?rest_route=\/wp\/v2\/pages\/51","targetHints":{"allow":["GET"]}}],"collection":[{"href":"https:\/\/sicault-cebe-avocats.fr\/index.php?rest_route=\/wp\/v2\/pages"}],"about":[{"href":"https:\/\/sicault-cebe-avocats.fr\/index.php?rest_route=\/wp\/v2\/types\/page"}],"author":[{"embeddable":true,"href":"https:\/\/sicault-cebe-avocats.fr\/index.php?rest_route=\/wp\/v2\/users\/1"}],"replies":[{"embeddable":true,"href":"https:\/\/sicault-cebe-avocats.fr\/index.php?rest_route=%2Fwp%2Fv2%2Fcomments&post=51"}],"version-history":[{"count":9,"href":"https:\/\/sicault-cebe-avocats.fr\/index.php?rest_route=\/wp\/v2\/pages\/51\/revisions"}],"predecessor-version":[{"id":263,"href":"https:\/\/sicault-cebe-avocats.fr\/index.php?rest_route=\/wp\/v2\/pages\/51\/revisions\/263"}],"wp:attachment":[{"href":"https:\/\/sicault-cebe-avocats.fr\/index.php?rest_route=%2Fwp%2Fv2%2Fmedia&parent=51"}],"curies":[{"name":"wp","href":"https:\/\/api.w.org\/{rel}","templated":true}]}}