{"id":41,"date":"2019-10-06T14:54:38","date_gmt":"2019-10-06T13:54:38","guid":{"rendered":"https:\/\/scavocatsassocies.wordpress.com\/?page_id=41"},"modified":"2021-12-06T21:49:18","modified_gmt":"2021-12-06T20:49:18","slug":"actualites-publications","status":"publish","type":"page","link":"https:\/\/sicault-cebe-avocats.fr\/?page_id=41","title":{"rendered":"Actualit\u00e9s &#038; Publications"},"content":{"rendered":"\n<h2 class=\"wp-block-heading\">Actualit\u00e9s<\/h2>\n\n\n\n<p style=\"font-size:14px\"><strong>LE TAOIT ANNULE LE CALCUL DES INDEMNIT\u00c9S DE POSTE DES FONCTIONNAIRES DES INSTITUTIONS SP\u00c9CIALIS\u00c9ES DE GEN\u00c8VE<\/strong><\/p>\n\n\n\n<p class=\"has-small-font-size\"> Ce n\u2019est pas la premi\u00e8re fois que des ajustements de salaire sont  annul\u00e9s par le Tribunal administratif de l\u2019OIT, d\u2019autres organisations  en ont fait en leur temps l\u2019am\u00e8re exp\u00e9rience. Toutefois, c\u2019est la  premi\u00e8re fois que la Commission de la fonction publique internationale  (CFPI) qui effectue, notamment, les enqu\u00eates sur le co\u00fbt de la vie, est  aussi clairement condamn\u00e9e par le Tribunal. Dans cinq <a href=\"https:\/\/www.ilo.org\/dyn\/triblex\/triblexmain.showList?p_lang=fr&amp;p_session_id=128&amp;p_and_or=AND&amp;p_page=4\">Jugements<\/a>  de principe prononc\u00e9s en juillet dernier (4134, 4135, 4136, 4137 et  4138), le Tribunal a annul\u00e9 le calcul des indemnit\u00e9s de poste pour cinq  institutions sp\u00e9cialis\u00e9es de l\u2019ONU, en se fondant principalement sur&nbsp;:  1) l\u2019incomp\u00e9tence de la CFPI , car le pouvoir de d\u00e9cider de la valeur  des indemnit\u00e9s de poste rel\u00e8ve exclusivement de la comp\u00e9tence de  l\u2019Assembl\u00e9e g\u00e9n\u00e9rale de l\u2019ONU, et pas de la CFPI&nbsp;; 2) la violation des  principes g\u00e9n\u00e9raux, dont celui selon lequel la m\u00e9thode choisie doit  permettre de produire des r\u00e9sultats stables, pr\u00e9visibles et  transparents.                                                                          Ces jugements consacrent une jurisprudence dont les  premiers jalons ont  \u00e9t\u00e9 pos\u00e9s dans les ann\u00e9es 90 dans le cadre de  contentieux men\u00e9s par  Jean-Didier Sicault avec l\u2019assistance de R\u00e9mi  C\u00e8be. &nbsp;C\u2019est aussi  Jean-Didier Sicault qui a d\u00e9fendu, devant le  Tribunal, les int\u00e9r\u00eats du  personnel de trois des institutions  sp\u00e9cialis\u00e9es en cause.                                                                                                                             L\u2019affaire n\u2019est pas close \u00e0 l\u2019\u00e9chelon du  R\u00e9gime commun des Nations  Unies. L\u2019existence de deux bar\u00e8mes distincts  applicables \u00e0 Gen\u00e8ve, dont  celui pour l\u2019ONU, si cette distinction  n\u2019\u00e9tait pas rapidement supprim\u00e9e,  irait \u00e0 l\u2019encontre du principe m\u00eame  du r\u00e9gime commun. Le Tribunal des  Nations Unies (UNDT) a donc \u00e9t\u00e9  saisi, tant par le Bureau de l\u2019aide  juridique au personnel que par  Jean-Didier Sicault.                                                                                                                                                                        \u00c0 suivre donc.    <\/p>\n\n\n\n<h2 class=\"wp-block-heading\">Publications<\/h2>\n\n\n\n<p class=\"has-small-font-size\"><em><strong>Publications de Jean-Didier Sicault<\/strong><\/em><\/p>\n\n\n\n<p style=\"font-size:12px\">Le contr\u00f4le du Tribunal en mati\u00e8re salariale dans le cadre du R\u00e9gime commun des Nations Unies, <em>in<\/em> Une contribution de 90 ans du Tribunal administratif de l\u2019Organisation internationale du Travail \u00e0 la cr\u00e9ation d\u2019un droit de la fonction publique internationale, Gen\u00e8ve, TAOIT, 2017&nbsp;;<\/p>\n\n\n\n<p style=\"font-size:12px\">Reflections on investigations in International Organizations, <em>in<\/em> Best practices in resolving employment disputes in International Organizations, Conference Proceedings, ILO Geneva, 15-16 September 2014;<\/p>\n\n\n\n<p style=\"font-size:12px\">La proc\u00e9dure devant les juridictions administratives internationales \u2013 Le cas du Tribunal administratif de la Banque interam\u00e9ricaine de d\u00e9veloppement, <em>in <\/em>Revenue G\u00e9n\u00e9rale de Droit International Public<em>, <\/em>Paris, Pedone, 2012&nbsp;;<\/p>\n\n\n\n<p style=\"font-size:12px\">Le TAOIT : Tendances jurisprudentielles r\u00e9centes en mati\u00e8re de comp\u00e9tence et de recevabilit\u00e9, <em>in <\/em>Les \u00e9volutions de la protection jurisprudentielle des fonctionnaires internationaux et employ\u00e9s&nbsp;: actes du colloque de Luxembourg d\u2019avril 2011, Bruxelles, Bruylant, 2012&nbsp;; <\/p>\n\n\n\n<p style=\"font-size:12px\">Practical issues arising in International Administrative Tribunals : The point of view of Counsel for Applicants, <em>in <\/em>Problems of International Administrative Law, Leiden-Boston, Nijhoff, 2008;<\/p>\n\n\n\n<p style=\"font-size:12px\">L\u2019article 101, <em>in <\/em>La charte des Nations Unies&nbsp;: commentaire article par article, Tome I, 3<sup>\u00e8me<\/sup> \u00e9dition, sous la direction de Jean-Pierre Cot et Alain Pellet, Paris, Economica, 2005&nbsp;;<\/p>\n\n\n\n<p style=\"font-size:12px\">R\u00e9flexions h\u00e9t\u00e9rodoxes sur la prise en compte par les organisations du R\u00e9gime commun des Nations Unies de l\u2019expatriation de leurs administrateurs et fonctionnaires de rang sup\u00e9rieur, <em>in<\/em> M\u00e9langes Hubert Thierry, Paris Pedone, 1998&nbsp;;<\/p>\n\n\n\n<p style=\"font-size:12px\">La repr\u00e9sentation des requ\u00e9rants, <em>in <\/em>Journ\u00e9e d\u2019\u00e9tudes de la Soci\u00e9t\u00e9 fran\u00e7aise pour le droit international&nbsp;: le contentieux de la fonction publique internationale, Paris, Pedone, 1996&nbsp;;<strong> <\/strong><\/p>\n\n\n\n<p style=\"font-size:12px\">A propos de l\u2019Office franco-qu\u00e9b\u00e9cois pour la jeunesse&nbsp;: r\u00e9flexions sur la notion d\u2019organisation internationales, <em>in <\/em>M\u00e9langes Michel Virally, Paris, Pedone, 1991&nbsp;;<\/p>\n\n\n\n<p style=\"font-size:12px\">L\u2019\u00e9volution r\u00e9cente de la jurisprudence des tribunaux administratifs des Nations Unies et de l\u2019OIT en mati\u00e8re de droits acquis, <em>in<\/em> Revue G\u00e9n\u00e9rale de Droit International Public, Paris, Pedone, 1990&nbsp;;<\/p>\n\n\n\n<p style=\"font-size:12px\">L\u2019affaire de l\u2019OLP devant la CIJ, <em>in<\/em> Revue G\u00e9n\u00e9rale de Droit International Public, Paris, Pedone, 1988&nbsp;;<\/p>\n\n\n\n<p style=\"font-size:12px\">Du caract\u00e8re obligatoire des engagements unilat\u00e9raux en droit international public, Revue G\u00e9n\u00e9rale de Droit International Public, Paris, Pedone, 1974.<\/p>\n\n\n\n<p class=\"has-small-font-size\"><em><strong>Publications de R\u00e9mi C\u00e8be<\/strong><\/em><\/p>\n\n\n\n<p style=\"font-size:12px\">\u00ab Quelques   r\u00e9flexions sur les immunit\u00e9s des organisations internationales&nbsp;\u00bb, in Immunities   in the Age of Global Constitutionalism,   Martinus Nijhoff Publishers,&nbsp;7 nov. 2014&nbsp;;<\/p>\n\n\n\n<p style=\"font-size:12px\">\u00ab&nbsp;Les fonctionnaires internationaux dans   l\u2019\u0153il du cyclone&nbsp;: la jurisprudence r\u00e9cente du Tribunal administratif de   l\u2019OIT&nbsp;\u00bb, in Revue g\u00e9n\u00e9rale de droit international public (1997), vol.   102&nbsp;: n\u00b02, p. 475-492.<\/p>\n","protected":false},"excerpt":{"rendered":"<p>Actualit\u00e9s LE TAOIT ANNULE LE CALCUL DES INDEMNIT\u00c9S DE POSTE DES FONCTIONNAIRES DES INSTITUTIONS SP\u00c9CIALIS\u00c9ES DE GEN\u00c8VE Ce n\u2019est pas la premi\u00e8re fois que des ajustements de salaire sont annul\u00e9s par le Tribunal administratif de l\u2019OIT, d\u2019autres organisations en ont fait en leur temps l\u2019am\u00e8re exp\u00e9rience. Toutefois, c\u2019est la premi\u00e8re fois que la Commission de &hellip; <a href=\"https:\/\/sicault-cebe-avocats.fr\/?page_id=41\" class=\"more-link\">Continuer la lecture<span class=\"screen-reader-text\"> de &laquo;&nbsp;Actualit\u00e9s &#038; Publications&nbsp;&raquo;<\/span><\/a><\/p>\n","protected":false},"author":1,"featured_media":0,"parent":0,"menu_order":0,"comment_status":"closed","ping_status":"closed","template":"","meta":{"footnotes":""},"class_list":["post-41","page","type-page","status-publish","hentry"],"yoast_head":"<!-- This site is optimized with the Yoast SEO plugin v15.9 - https:\/\/yoast.com\/wordpress\/plugins\/seo\/ -->\n<title>Actualit\u00e9s &amp; Publications - Sicault &amp; C\u00e8be<\/title>\n<meta name=\"description\" content=\"Retrouvez les publications de Jean-Didier Sicault et R\u00e9mi C\u00e8be, avocats associ\u00e9s. Actualit\u00e9s du droit international.\" \/>\n<meta name=\"robots\" content=\"index, follow, max-snippet:-1, max-image-preview:large, max-video-preview:-1\" \/>\n<link rel=\"canonical\" href=\"https:\/\/sicault-cebe-avocats.fr\/?page_id=41\" \/>\n<meta property=\"og:locale\" content=\"fr_FR\" \/>\n<meta property=\"og:type\" content=\"article\" \/>\n<meta property=\"og:title\" content=\"Actualit\u00e9s &amp; Publications - Sicault &amp; C\u00e8be\" \/>\n<meta property=\"og:description\" content=\"Retrouvez les publications de Jean-Didier Sicault et R\u00e9mi C\u00e8be, avocats associ\u00e9s. Actualit\u00e9s du droit international.\" \/>\n<meta property=\"og:url\" content=\"https:\/\/sicault-cebe-avocats.fr\/?page_id=41\" \/>\n<meta property=\"og:site_name\" content=\"Sicault &amp; C\u00e8be\" \/>\n<meta property=\"article:modified_time\" content=\"2021-12-06T20:49:18+00:00\" \/>\n<meta name=\"twitter:card\" content=\"summary_large_image\" \/>\n<meta name=\"twitter:label1\" content=\"Dur\u00e9e de lecture est.\">\n\t<meta name=\"twitter:data1\" content=\"4 minutes\">\n<script type=\"application\/ld+json\" class=\"yoast-schema-graph\">{\"@context\":\"https:\/\/schema.org\",\"@graph\":[{\"@type\":\"WebSite\",\"@id\":\"https:\/\/sicault-cebe-avocats.fr\/#website\",\"url\":\"https:\/\/sicault-cebe-avocats.fr\/\",\"name\":\"Sicault &amp; C\\u00e8be\",\"description\":\"Avocats Associ\\u00e9s\",\"potentialAction\":[{\"@type\":\"SearchAction\",\"target\":\"https:\/\/sicault-cebe-avocats.fr\/?s={search_term_string}\",\"query-input\":\"required name=search_term_string\"}],\"inLanguage\":\"fr-FR\"},{\"@type\":\"WebPage\",\"@id\":\"https:\/\/sicault-cebe-avocats.fr\/?page_id=41#webpage\",\"url\":\"https:\/\/sicault-cebe-avocats.fr\/?page_id=41\",\"name\":\"Actualit\\u00e9s & Publications - Sicault &amp; C\\u00e8be\",\"isPartOf\":{\"@id\":\"https:\/\/sicault-cebe-avocats.fr\/#website\"},\"datePublished\":\"2019-10-06T13:54:38+00:00\",\"dateModified\":\"2021-12-06T20:49:18+00:00\",\"description\":\"Retrouvez les publications de Jean-Didier Sicault et R\\u00e9mi C\\u00e8be, avocats associ\\u00e9s. Actualit\\u00e9s du droit international.\",\"breadcrumb\":{\"@id\":\"https:\/\/sicault-cebe-avocats.fr\/?page_id=41#breadcrumb\"},\"inLanguage\":\"fr-FR\",\"potentialAction\":[{\"@type\":\"ReadAction\",\"target\":[\"https:\/\/sicault-cebe-avocats.fr\/?page_id=41\"]}]},{\"@type\":\"BreadcrumbList\",\"@id\":\"https:\/\/sicault-cebe-avocats.fr\/?page_id=41#breadcrumb\",\"itemListElement\":[{\"@type\":\"ListItem\",\"position\":1,\"item\":{\"@type\":\"WebPage\",\"@id\":\"https:\/\/sicault-cebe-avocats.fr\/\",\"url\":\"https:\/\/sicault-cebe-avocats.fr\/\",\"name\":\"Accueil\"}},{\"@type\":\"ListItem\",\"position\":2,\"item\":{\"@type\":\"WebPage\",\"@id\":\"https:\/\/sicault-cebe-avocats.fr\/?page_id=41\",\"url\":\"https:\/\/sicault-cebe-avocats.fr\/?page_id=41\",\"name\":\"Actualit\\u00e9s &#038; Publications\"}}]}]}<\/script>\n<!-- \/ Yoast SEO plugin. -->","_links":{"self":[{"href":"https:\/\/sicault-cebe-avocats.fr\/index.php?rest_route=\/wp\/v2\/pages\/41","targetHints":{"allow":["GET"]}}],"collection":[{"href":"https:\/\/sicault-cebe-avocats.fr\/index.php?rest_route=\/wp\/v2\/pages"}],"about":[{"href":"https:\/\/sicault-cebe-avocats.fr\/index.php?rest_route=\/wp\/v2\/types\/page"}],"author":[{"embeddable":true,"href":"https:\/\/sicault-cebe-avocats.fr\/index.php?rest_route=\/wp\/v2\/users\/1"}],"replies":[{"embeddable":true,"href":"https:\/\/sicault-cebe-avocats.fr\/index.php?rest_route=%2Fwp%2Fv2%2Fcomments&post=41"}],"version-history":[{"count":6,"href":"https:\/\/sicault-cebe-avocats.fr\/index.php?rest_route=\/wp\/v2\/pages\/41\/revisions"}],"predecessor-version":[{"id":234,"href":"https:\/\/sicault-cebe-avocats.fr\/index.php?rest_route=\/wp\/v2\/pages\/41\/revisions\/234"}],"wp:attachment":[{"href":"https:\/\/sicault-cebe-avocats.fr\/index.php?rest_route=%2Fwp%2Fv2%2Fmedia&parent=41"}],"curies":[{"name":"wp","href":"https:\/\/api.w.org\/{rel}","templated":true}]}}