{"id":30,"date":"2019-10-06T14:43:02","date_gmt":"2019-10-06T13:43:02","guid":{"rendered":"https:\/\/scavocatsassocies.wordpress.com\/?page_id=30"},"modified":"2026-02-06T12:01:08","modified_gmt":"2026-02-06T11:01:08","slug":"remi-cebe","status":"publish","type":"page","link":"https:\/\/sicault-cebe-avocats.fr\/?page_id=30","title":{"rendered":"R\u00e9mi C\u00e8be"},"content":{"rendered":"\n<div class=\"wp-block-buttons aligncenter is-layout-flex wp-block-buttons-is-layout-flex\">\n<div class=\"wp-block-button\"><a class=\"wp-block-button__link has-bright-blue-background-color has-background\" href=\"https:\/\/sicault-cebe-avocats.fr\/?page_id=51\">CONTACT<\/a><\/div>\n<\/div>\n\n\n\n<div class=\"wp-block-image is-style-circle-mask\"><figure class=\"alignleft size-large is-resized\"><img loading=\"lazy\" decoding=\"async\" src=\"http:\/\/sicault-cebe-avocats.fr\/wp-content\/uploads\/2019\/12\/rc.png\" alt=\"\" class=\"wp-image-155\" width=\"106\" height=\"128\"\/><\/figure><\/div>\n\n\n\n<p class=\"has-small-font-size\"><strong>R\u00e9mi C\u00e8be<\/strong> est avocat \u00e0 la Cour de Paris et ancien Chef de la Division des Affaires Juridiques G\u00e9n\u00e9rales de l\u2019OCDE. <\/p>\n\n\n\n<p class=\"has-small-font-size\">Apr\u00e8s avoir exerc\u00e9 la profession d\u2019avocat au Barreau de Paris pendant quelques ann\u00e9es dans les domaines du droit des organisations internationales, droit de la fonction publique internationale, droit international priv\u00e9, droit europ\u00e9en des affaires et droit p\u00e9nal, il a exerc\u00e9 diverses fonctions au sein d\u2019organisations inter-gouvernementales (l\u2019OCDE et le Bureau international des poids et mesures) ou non gouvernementale (Inter Aide) pendant plus de vingt ans. <\/p>\n\n\n\n<p class=\"has-small-font-size\">Il a \u00e9t\u00e9 successivement, conseiller juridique (OCDE),\nresponsable des achats de haut niveau (OCDE), responsable de programme\nmicro-finance \u00e0 Madagascar (Inter Aide), conseiller juridique et administrateur\nadjoint (au Bureau International des Poids et Mesures), puis de nouveau\nconseiller juridique et Chef de la Division des affaires juridiques g\u00e9n\u00e9rales \u00e0\nl\u2019OCDE.<\/p>\n\n\n\n<p class=\"has-small-font-size\"> Il est titulaire du Certificat \u00e0 la profession d\u2019avocat (EFB, 1994), et de deux Masters 2, l\u2019un en \u00ab&nbsp;administration internationale&nbsp;\u00bb et l\u2019autre de \u00ab&nbsp;droit europ\u00e9en&nbsp;\u00bb d\u00e9livr\u00e9s par l\u2019Universit\u00e9 Paris II Panth\u00e9on Assas. Il est \u00e9galement titulaire d\u2019un Master 1 de \u00ab&nbsp;droit international et europ\u00e9en&nbsp;\u00bb d\u00e9livr\u00e9 par l\u2019Universit\u00e9 Aix-Marseille II, associ\u00e9 \u00e0 un certificat de common law d\u00e9livr\u00e9 par l\u2019Universit\u00e9 d\u2019Exeter, au Royaume-Uni.  <\/p>\n\n\n\n<p class=\"has-small-font-size\">Il est charg\u00e9 d\u2019enseigner le droit des organisations internationales \u00e0 l\u2019Universit\u00e9 Paris II depuis 2013 dans le cadre du Master 2 \u00ab&nbsp;Administration internationale&nbsp;\u00bb. Il est charg\u00e9 de la chronique de doit international de la fonction publique \u00e0 la Revue G\u00e9n\u00e9rale de Droit International public depuis octobre 2019.<\/p>\n\n\n\n<p class=\"has-small-font-size\">\n\nIl est membre du Conseil d\u2019administration de la Fondation Cassiop\u00e9e,\nreconnue d\u2019utilit\u00e9 publique par le <a href=\"https:\/\/www.legifrance.gouv.fr\/jo_pdf.do?id=JORFTEXT000023631178\" target=\"_blank\" rel=\"noreferrer noopener\">d\u00e9cret du 24 f\u00e9vrier 2011<\/a>, et\ndu Conseil de surveillance d\u2019Inter Aide, ONG sp\u00e9cialis\u00e9e dans la r\u00e9alisation de\nprogrammes de d\u00e9veloppement aupr\u00e8s de familles rurales particuli\u00e8rement\nd\u00e9munies.\n\n\n\n<\/p>\n\n\n\n<p><\/p>\n\n\n\n<p><\/p>\n","protected":false},"excerpt":{"rendered":"<p>R\u00e9mi C\u00e8be est avocat \u00e0 la Cour de Paris et ancien Chef de la Division des Affaires Juridiques G\u00e9n\u00e9rales de l\u2019OCDE. Apr\u00e8s avoir exerc\u00e9 la profession d\u2019avocat au Barreau de Paris pendant quelques ann\u00e9es dans les domaines du droit des organisations internationales, droit de la fonction publique internationale, droit international priv\u00e9, droit europ\u00e9en des affaires &hellip; <a href=\"https:\/\/sicault-cebe-avocats.fr\/?page_id=30\" class=\"more-link\">Continuer la lecture<span class=\"screen-reader-text\"> de &laquo;&nbsp;R\u00e9mi C\u00e8be&nbsp;&raquo;<\/span><\/a><\/p>\n","protected":false},"author":1,"featured_media":0,"parent":0,"menu_order":0,"comment_status":"closed","ping_status":"closed","template":"","meta":{"footnotes":""},"class_list":["post-30","page","type-page","status-publish","hentry"],"yoast_head":"<!-- This site is optimized with the Yoast SEO plugin v15.9 - https:\/\/yoast.com\/wordpress\/plugins\/seo\/ -->\n<title>R\u00e9mi C\u00e8be - Sicault &amp; C\u00e8be<\/title>\n<meta name=\"description\" content=\"D\u00e9couvrez le parcours et les r\u00e9alisations de R\u00e9mi C\u00e8be, avocat au barreau de Paris et associ\u00e9 du cabinet Sicault &amp; C\u00e8be.\" \/>\n<meta name=\"robots\" content=\"index, follow, max-snippet:-1, max-image-preview:large, max-video-preview:-1\" \/>\n<link rel=\"canonical\" href=\"https:\/\/sicault-cebe-avocats.fr\/?page_id=30\" \/>\n<meta property=\"og:locale\" content=\"fr_FR\" \/>\n<meta property=\"og:type\" content=\"article\" \/>\n<meta property=\"og:title\" content=\"R\u00e9mi C\u00e8be - Sicault &amp; C\u00e8be\" \/>\n<meta property=\"og:description\" content=\"D\u00e9couvrez le parcours et les r\u00e9alisations de R\u00e9mi C\u00e8be, avocat au barreau de Paris et associ\u00e9 du cabinet Sicault &amp; C\u00e8be.\" \/>\n<meta property=\"og:url\" content=\"https:\/\/sicault-cebe-avocats.fr\/?page_id=30\" \/>\n<meta property=\"og:site_name\" content=\"Sicault &amp; C\u00e8be\" \/>\n<meta property=\"article:modified_time\" content=\"2026-02-06T11:01:08+00:00\" \/>\n<meta property=\"og:image\" content=\"http:\/\/sicault-cebe-avocats.fr\/wp-content\/uploads\/2019\/12\/rc.png\" \/>\n<meta name=\"twitter:card\" content=\"summary_large_image\" \/>\n<meta name=\"twitter:label1\" content=\"Dur\u00e9e de lecture est.\">\n\t<meta name=\"twitter:data1\" content=\"2 minutes\">\n<script type=\"application\/ld+json\" class=\"yoast-schema-graph\">{\"@context\":\"https:\/\/schema.org\",\"@graph\":[{\"@type\":\"WebSite\",\"@id\":\"https:\/\/sicault-cebe-avocats.fr\/#website\",\"url\":\"https:\/\/sicault-cebe-avocats.fr\/\",\"name\":\"Sicault &amp; C\\u00e8be\",\"description\":\"Avocats Associ\\u00e9s\",\"potentialAction\":[{\"@type\":\"SearchAction\",\"target\":\"https:\/\/sicault-cebe-avocats.fr\/?s={search_term_string}\",\"query-input\":\"required name=search_term_string\"}],\"inLanguage\":\"fr-FR\"},{\"@type\":\"ImageObject\",\"@id\":\"https:\/\/sicault-cebe-avocats.fr\/?page_id=30#primaryimage\",\"inLanguage\":\"fr-FR\",\"url\":\"http:\/\/sicault-cebe-avocats.fr\/wp-content\/uploads\/2019\/12\/rc.png\"},{\"@type\":\"WebPage\",\"@id\":\"https:\/\/sicault-cebe-avocats.fr\/?page_id=30#webpage\",\"url\":\"https:\/\/sicault-cebe-avocats.fr\/?page_id=30\",\"name\":\"R\\u00e9mi C\\u00e8be - Sicault &amp; C\\u00e8be\",\"isPartOf\":{\"@id\":\"https:\/\/sicault-cebe-avocats.fr\/#website\"},\"primaryImageOfPage\":{\"@id\":\"https:\/\/sicault-cebe-avocats.fr\/?page_id=30#primaryimage\"},\"datePublished\":\"2019-10-06T13:43:02+00:00\",\"dateModified\":\"2026-02-06T11:01:08+00:00\",\"description\":\"D\\u00e9couvrez le parcours et les r\\u00e9alisations de R\\u00e9mi C\\u00e8be, avocat au barreau de Paris et associ\\u00e9 du cabinet Sicault & C\\u00e8be.\",\"breadcrumb\":{\"@id\":\"https:\/\/sicault-cebe-avocats.fr\/?page_id=30#breadcrumb\"},\"inLanguage\":\"fr-FR\",\"potentialAction\":[{\"@type\":\"ReadAction\",\"target\":[\"https:\/\/sicault-cebe-avocats.fr\/?page_id=30\"]}]},{\"@type\":\"BreadcrumbList\",\"@id\":\"https:\/\/sicault-cebe-avocats.fr\/?page_id=30#breadcrumb\",\"itemListElement\":[{\"@type\":\"ListItem\",\"position\":1,\"item\":{\"@type\":\"WebPage\",\"@id\":\"https:\/\/sicault-cebe-avocats.fr\/\",\"url\":\"https:\/\/sicault-cebe-avocats.fr\/\",\"name\":\"Accueil\"}},{\"@type\":\"ListItem\",\"position\":2,\"item\":{\"@type\":\"WebPage\",\"@id\":\"https:\/\/sicault-cebe-avocats.fr\/?page_id=30\",\"url\":\"https:\/\/sicault-cebe-avocats.fr\/?page_id=30\",\"name\":\"R\\u00e9mi C\\u00e8be\"}}]}]}<\/script>\n<!-- \/ Yoast SEO plugin. -->","_links":{"self":[{"href":"https:\/\/sicault-cebe-avocats.fr\/index.php?rest_route=\/wp\/v2\/pages\/30","targetHints":{"allow":["GET"]}}],"collection":[{"href":"https:\/\/sicault-cebe-avocats.fr\/index.php?rest_route=\/wp\/v2\/pages"}],"about":[{"href":"https:\/\/sicault-cebe-avocats.fr\/index.php?rest_route=\/wp\/v2\/types\/page"}],"author":[{"embeddable":true,"href":"https:\/\/sicault-cebe-avocats.fr\/index.php?rest_route=\/wp\/v2\/users\/1"}],"replies":[{"embeddable":true,"href":"https:\/\/sicault-cebe-avocats.fr\/index.php?rest_route=%2Fwp%2Fv2%2Fcomments&post=30"}],"version-history":[{"count":5,"href":"https:\/\/sicault-cebe-avocats.fr\/index.php?rest_route=\/wp\/v2\/pages\/30\/revisions"}],"predecessor-version":[{"id":264,"href":"https:\/\/sicault-cebe-avocats.fr\/index.php?rest_route=\/wp\/v2\/pages\/30\/revisions\/264"}],"wp:attachment":[{"href":"https:\/\/sicault-cebe-avocats.fr\/index.php?rest_route=%2Fwp%2Fv2%2Fmedia&parent=30"}],"curies":[{"name":"wp","href":"https:\/\/api.w.org\/{rel}","templated":true}]}}