{"id":199,"date":"2020-03-15T17:49:02","date_gmt":"2020-03-15T16:49:02","guid":{"rendered":"http:\/\/sicault-cebe-avocats.fr\/?page_id=199"},"modified":"2026-02-06T11:50:46","modified_gmt":"2026-02-06T10:50:46","slug":"remi-cebe-2","status":"publish","type":"page","link":"https:\/\/sicault-cebe-avocats.fr\/?page_id=199","title":{"rendered":"R\u00e9mi C\u00e8be"},"content":{"rendered":"\n<div class=\"wp-block-buttons aligncenter is-layout-flex wp-block-buttons-is-layout-flex\">\n<div class=\"wp-block-button is-style-fill\"><a class=\"wp-block-button__link has-bright-blue-background-color has-background\" href=\"https:\/\/sicault-cebe-avocats.fr\/?page_id=170\">CONTACT<\/a><\/div>\n<\/div>\n\n\n\n<div class=\"wp-block-image is-style-circle-mask\"><figure class=\"alignleft size-large is-resized\"><img loading=\"lazy\" decoding=\"async\" src=\"http:\/\/sicault-cebe-avocats.fr\/wp-content\/uploads\/2020\/03\/re\u0301mi-2.png\" alt=\"\" class=\"wp-image-200\" width=\"102\" height=\"124\"\/><\/figure><\/div>\n\n\n\n<p class=\"has-small-font-size\"><strong>R\u00e9mi C\u00e8be<\/strong> is a Member of the Paris Bar and former Head of General Legal Affairs Division at the OECD.<\/p>\n\n\n\n<p class=\"has-small-font-size\">Mr C\u00e8be\nbegan his career as a lawyer at the Paris Bar, advising and litigating on the\nlaw of international organisations, international civil service law, international\nprivate law, European competition law and criminal law. He subsequently held\nseveral positions in international organisations (the OECD, the International\nBureau of weights and measures \u2013 BIPM) and an NGO (Inter Aide). Over the course\nof more than 20 years, his roles included Legal Adviser (OECD), Senior Procurement\nManager (OECD), Micro-Finance program manager in Madagascar (Inter Aide), Legal\nAdviser and Deputy Executive Director (BIPM), and most recently Senior Legal\nAdviser and Head of the General Legal Affairs Division again at the OECD. <\/p>\n\n\n\n<p class=\"has-small-font-size\">In\naddition to his bar qualifications (EFB, 1994), Mr Cebe holds a Master 2 in\n\u00ab&nbsp;International Administration&nbsp;\u00bb and a Master 2 in \u201cEuropean Law\u201d (Paris\nPanth\u00e9on-Assas II University). He also holds a Master 1 in \u00ab&nbsp;International\nand European law&nbsp;\u00bb (Aix-Marseille II University), and a common law certificate\n(Exeter University, UK). <\/p>\n\n\n\n<p class=\"has-small-font-size\">Mr C\u00e8be has been in charge of teaching the law of international organisations at Paris II University since 2013, for the \u201cInternational Administration\u201d Master 2. He is a member of the Boards of the Foundation Cassiop\u00e9e (a registered charity recognized by by a <a href=\"https:\/\/www.legifrance.gouv.fr\/jo_pdf.do?id=JORFTEXT000023631178\">decree of 24 February 2011<\/a>) and Inter Aide, an NGO specialised in sustainable development programmes.  <\/p>\n\n\n\n<p><\/p>\n","protected":false},"excerpt":{"rendered":"<p>R\u00e9mi C\u00e8be is a Member of the Paris Bar and former Head of General Legal Affairs Division at the OECD. Mr C\u00e8be began his career as a lawyer at the Paris Bar, advising and litigating on the law of international organisations, international civil service law, international private law, European competition law and criminal law. He &hellip; <a href=\"https:\/\/sicault-cebe-avocats.fr\/?page_id=199\" class=\"more-link\">Continuer la lecture<span class=\"screen-reader-text\"> de &laquo;&nbsp;R\u00e9mi C\u00e8be&nbsp;&raquo;<\/span><\/a><\/p>\n","protected":false},"author":1,"featured_media":0,"parent":0,"menu_order":0,"comment_status":"closed","ping_status":"closed","template":"","meta":{"footnotes":""},"class_list":["post-199","page","type-page","status-publish","hentry"],"yoast_head":"<!-- This site is optimized with the Yoast SEO plugin v15.9 - https:\/\/yoast.com\/wordpress\/plugins\/seo\/ -->\n<title>R\u00e9mi C\u00e8be - Sicault &amp; C\u00e8be<\/title>\n<meta name=\"robots\" content=\"index, follow, max-snippet:-1, max-image-preview:large, max-video-preview:-1\" \/>\n<link rel=\"canonical\" href=\"https:\/\/sicault-cebe-avocats.fr\/?page_id=199\" \/>\n<meta property=\"og:locale\" content=\"fr_FR\" \/>\n<meta property=\"og:type\" content=\"article\" \/>\n<meta property=\"og:title\" content=\"R\u00e9mi C\u00e8be - Sicault &amp; C\u00e8be\" \/>\n<meta property=\"og:description\" content=\"R\u00e9mi C\u00e8be is a Member of the Paris Bar and former Head of General Legal Affairs Division at the OECD. Mr C\u00e8be began his career as a lawyer at the Paris Bar, advising and litigating on the law of international organisations, international civil service law, international private law, European competition law and criminal law. He &hellip; Continuer la lecture de &laquo;&nbsp;R\u00e9mi C\u00e8be&nbsp;&raquo;\" \/>\n<meta property=\"og:url\" content=\"https:\/\/sicault-cebe-avocats.fr\/?page_id=199\" \/>\n<meta property=\"og:site_name\" content=\"Sicault &amp; C\u00e8be\" \/>\n<meta property=\"article:modified_time\" content=\"2026-02-06T10:50:46+00:00\" \/>\n<meta property=\"og:image\" content=\"http:\/\/sicault-cebe-avocats.fr\/wp-content\/uploads\/2020\/03\/re\u0301mi-2.png\" \/>\n<meta name=\"twitter:card\" content=\"summary_large_image\" \/>\n<meta name=\"twitter:label1\" content=\"Dur\u00e9e de lecture est.\">\n\t<meta name=\"twitter:data1\" content=\"2 minutes\">\n<script type=\"application\/ld+json\" class=\"yoast-schema-graph\">{\"@context\":\"https:\/\/schema.org\",\"@graph\":[{\"@type\":\"WebSite\",\"@id\":\"https:\/\/sicault-cebe-avocats.fr\/#website\",\"url\":\"https:\/\/sicault-cebe-avocats.fr\/\",\"name\":\"Sicault &amp; C\\u00e8be\",\"description\":\"Avocats Associ\\u00e9s\",\"potentialAction\":[{\"@type\":\"SearchAction\",\"target\":\"https:\/\/sicault-cebe-avocats.fr\/?s={search_term_string}\",\"query-input\":\"required name=search_term_string\"}],\"inLanguage\":\"fr-FR\"},{\"@type\":\"ImageObject\",\"@id\":\"https:\/\/sicault-cebe-avocats.fr\/?page_id=199#primaryimage\",\"inLanguage\":\"fr-FR\",\"url\":\"http:\/\/sicault-cebe-avocats.fr\/wp-content\/uploads\/2020\/03\/re\\u0301mi-2.png\"},{\"@type\":\"WebPage\",\"@id\":\"https:\/\/sicault-cebe-avocats.fr\/?page_id=199#webpage\",\"url\":\"https:\/\/sicault-cebe-avocats.fr\/?page_id=199\",\"name\":\"R\\u00e9mi C\\u00e8be - Sicault &amp; C\\u00e8be\",\"isPartOf\":{\"@id\":\"https:\/\/sicault-cebe-avocats.fr\/#website\"},\"primaryImageOfPage\":{\"@id\":\"https:\/\/sicault-cebe-avocats.fr\/?page_id=199#primaryimage\"},\"datePublished\":\"2020-03-15T16:49:02+00:00\",\"dateModified\":\"2026-02-06T10:50:46+00:00\",\"breadcrumb\":{\"@id\":\"https:\/\/sicault-cebe-avocats.fr\/?page_id=199#breadcrumb\"},\"inLanguage\":\"fr-FR\",\"potentialAction\":[{\"@type\":\"ReadAction\",\"target\":[\"https:\/\/sicault-cebe-avocats.fr\/?page_id=199\"]}]},{\"@type\":\"BreadcrumbList\",\"@id\":\"https:\/\/sicault-cebe-avocats.fr\/?page_id=199#breadcrumb\",\"itemListElement\":[{\"@type\":\"ListItem\",\"position\":1,\"item\":{\"@type\":\"WebPage\",\"@id\":\"https:\/\/sicault-cebe-avocats.fr\/\",\"url\":\"https:\/\/sicault-cebe-avocats.fr\/\",\"name\":\"Accueil\"}},{\"@type\":\"ListItem\",\"position\":2,\"item\":{\"@type\":\"WebPage\",\"@id\":\"https:\/\/sicault-cebe-avocats.fr\/?page_id=199\",\"url\":\"https:\/\/sicault-cebe-avocats.fr\/?page_id=199\",\"name\":\"R\\u00e9mi C\\u00e8be\"}}]}]}<\/script>\n<!-- \/ Yoast SEO plugin. -->","_links":{"self":[{"href":"https:\/\/sicault-cebe-avocats.fr\/index.php?rest_route=\/wp\/v2\/pages\/199","targetHints":{"allow":["GET"]}}],"collection":[{"href":"https:\/\/sicault-cebe-avocats.fr\/index.php?rest_route=\/wp\/v2\/pages"}],"about":[{"href":"https:\/\/sicault-cebe-avocats.fr\/index.php?rest_route=\/wp\/v2\/types\/page"}],"author":[{"embeddable":true,"href":"https:\/\/sicault-cebe-avocats.fr\/index.php?rest_route=\/wp\/v2\/users\/1"}],"replies":[{"embeddable":true,"href":"https:\/\/sicault-cebe-avocats.fr\/index.php?rest_route=%2Fwp%2Fv2%2Fcomments&post=199"}],"version-history":[{"count":4,"href":"https:\/\/sicault-cebe-avocats.fr\/index.php?rest_route=\/wp\/v2\/pages\/199\/revisions"}],"predecessor-version":[{"id":253,"href":"https:\/\/sicault-cebe-avocats.fr\/index.php?rest_route=\/wp\/v2\/pages\/199\/revisions\/253"}],"wp:attachment":[{"href":"https:\/\/sicault-cebe-avocats.fr\/index.php?rest_route=%2Fwp%2Fv2%2Fmedia&parent=199"}],"curies":[{"name":"wp","href":"https:\/\/api.w.org\/{rel}","templated":true}]}}