{"id":19,"date":"2019-10-06T14:34:19","date_gmt":"2019-10-06T13:34:19","guid":{"rendered":"https:\/\/scavocatsassocies.wordpress.com\/?page_id=19"},"modified":"2021-12-06T22:05:41","modified_gmt":"2021-12-06T21:05:41","slug":"expertises","status":"publish","type":"page","link":"https:\/\/sicault-cebe-avocats.fr\/?page_id=19","title":{"rendered":"Expertises"},"content":{"rendered":"\n<h2 class=\"has-text-align-center has-medium-gray-color has-text-color wp-block-heading\">Fonctionnaires internationaux <strong>(actifs ou retrait\u00e9s<\/strong>)<\/h2>\n\n\n\n<p class=\"has-small-font-size\">   \u00a0   S&amp;C   conseille et repr\u00e9sente les fonctionnaires internationaux dans le cadre de n\u00e9gociations, notamment avec leurs employeurs et, si besoin est, de contentieux devant les tribunaux comp\u00e9tents, tant nationaux qu\u2019internationaux.   \u00a0  <br> <br>Le cabinet traite en particulier de toute question juridique et toute contestation relative \u00e0\u00a0:   \u00a0   <br> <br> \u25cf\u00a0\u00a0\u00a0\u00a0\u00a0\u00a0 la carri\u00e8re\u00a0: recrutement, contrats d\u2019emploi, d\u00e9tachement, avancement, promotion, performance, transferts, classification de l\u2019emploi, non-renouvellement de contrats d\u2019emploi, licenciement\u00a0;<br> \u00a0<br> \u25cf\u00a0\u00a0\u00a0\u00a0\u00a0\u00a0 la discipline\u00a0: enqu\u00eate disciplinaire, sanction disciplinaire, harc\u00e8lement moral et sexuel\u00a0;<br> \u00a0<br> \u25cf\u00a0\u00a0\u00a0\u00a0\u00a0\u00a0 la protection sociale\u00a0:\u00a0 couverture maladie, invalidit\u00e9, maladie professionnelle, etc.<br> \u00a0<br> \u25cf\u00a0\u00a0\u00a0\u00a0\u00a0\u00a0 les salaires et pensions\u00a0: ajustement des salaires\/pensions \u00e0 l\u2019inflation, m\u00e9thodes de revue et de fixation des salaires et des pensions, fixation de pensions individuelles\u00a0;<br> \u00a0<br> \u25cf\u00a0\u00a0\u00a0\u00a0\u00a0\u00a0 les privil\u00e8ges et immunit\u00e9s des fonctionnaires;<br> \u00a0<br> \u25cf\u00a0\u00a0\u00a0\u00a0\u00a0\u00a0 la libert\u00e9 d\u2019association et repr\u00e9sentation du personnel\u00a0;<br> \u00a0<br> \u25cf\u00a0\u00a0\u00a0\u00a0\u00a0\u00a0 la vie priv\u00e9e\u00a0: titres de s\u00e9jour, baux immobiliers, exemption fiscale, divorce, donn\u00e9es personnelles, infractions p\u00e9nales, etc. <\/p>\n\n\n\n<h2 class=\"has-medium-gray-color has-text-color wp-block-heading\">Organisations Internationales<\/h2>\n\n\n\n<p class=\"has-small-font-size\">S&amp;C conseille repr\u00e9sente les organisations\ninternationales dans toute N\u00e9gociation et tout Litige devant&nbsp;les tribunaux\nadministratifs internationaux&nbsp;et les tribunaux nationaux, notamment en\nmati\u00e8re de d\u00e9fense de leurs privil\u00e8ges et immunit\u00e9s et ceux de leurs agents.<\/p>\n\n\n\n<p class=\"has-small-font-size\">Le cabinet traite en particulier de toute\nquestion relative au&nbsp;droit des organisations internationales, y compris la\nd\u00e9fense des privil\u00e8ges et immunit\u00e9s et au droit de la fonction publique\ninternationale, y compris droit financier, droit disciplinaire et droit de\nla&nbsp;protection des donn\u00e9es personnelles.<\/p>\n\n\n\n<p class=\"has-small-font-size\">Le cabinet peut participer \u00e0 des Enqu\u00eates\ndisciplinaires en qualit\u00e9 d\u2019enqu\u00eateur.<\/p>\n\n\n\n<p class=\"has-small-font-size\">Le cabinet propose des Formations continues aux\nagents des organisations internationales en mati\u00e8re de droit de la fonction\npublique internationale et de droit des organisations internationales.<\/p>\n","protected":false},"excerpt":{"rendered":"<p>Fonctionnaires internationaux (actifs ou retrait\u00e9s) \u00a0 S&amp;C conseille et repr\u00e9sente les fonctionnaires internationaux dans le cadre de n\u00e9gociations, notamment avec leurs employeurs et, si besoin est, de contentieux devant les tribunaux comp\u00e9tents, tant nationaux qu\u2019internationaux. \u00a0 Le cabinet traite en particulier de toute question juridique et toute contestation relative \u00e0\u00a0: \u00a0 \u25cf\u00a0\u00a0\u00a0\u00a0\u00a0\u00a0 la carri\u00e8re\u00a0: recrutement, &hellip; <a href=\"https:\/\/sicault-cebe-avocats.fr\/?page_id=19\" class=\"more-link\">Continuer la lecture<span class=\"screen-reader-text\"> de &laquo;&nbsp;Expertises&nbsp;&raquo;<\/span><\/a><\/p>\n","protected":false},"author":1,"featured_media":0,"parent":0,"menu_order":0,"comment_status":"closed","ping_status":"closed","template":"","meta":{"footnotes":""},"class_list":["post-19","page","type-page","status-publish","hentry"],"yoast_head":"<!-- This site is optimized with the Yoast SEO plugin v15.9 - https:\/\/yoast.com\/wordpress\/plugins\/seo\/ -->\n<title>Expertises - Sicault &amp; C\u00e8be<\/title>\n<meta name=\"description\" content=\"Le cabinet Sicault &amp; C\u00e8be conseille les fonctionnaires internationaux (actifs ou retrait\u00e9s) et les organisations internationales.\" \/>\n<meta name=\"robots\" content=\"index, follow, max-snippet:-1, max-image-preview:large, max-video-preview:-1\" \/>\n<link rel=\"canonical\" href=\"https:\/\/sicault-cebe-avocats.fr\/?page_id=19\" \/>\n<meta property=\"og:locale\" content=\"fr_FR\" \/>\n<meta property=\"og:type\" content=\"article\" \/>\n<meta property=\"og:title\" content=\"Expertises - Sicault &amp; C\u00e8be\" \/>\n<meta property=\"og:description\" content=\"Le cabinet Sicault &amp; C\u00e8be conseille les fonctionnaires internationaux (actifs ou retrait\u00e9s) et les organisations internationales.\" \/>\n<meta property=\"og:url\" content=\"https:\/\/sicault-cebe-avocats.fr\/?page_id=19\" \/>\n<meta property=\"og:site_name\" content=\"Sicault &amp; C\u00e8be\" \/>\n<meta property=\"article:modified_time\" content=\"2021-12-06T21:05:41+00:00\" \/>\n<meta name=\"twitter:card\" content=\"summary_large_image\" \/>\n<meta name=\"twitter:label1\" content=\"Dur\u00e9e de lecture est.\">\n\t<meta name=\"twitter:data1\" content=\"2 minutes\">\n<script type=\"application\/ld+json\" class=\"yoast-schema-graph\">{\"@context\":\"https:\/\/schema.org\",\"@graph\":[{\"@type\":\"WebSite\",\"@id\":\"https:\/\/sicault-cebe-avocats.fr\/#website\",\"url\":\"https:\/\/sicault-cebe-avocats.fr\/\",\"name\":\"Sicault &amp; C\\u00e8be\",\"description\":\"Avocats Associ\\u00e9s\",\"potentialAction\":[{\"@type\":\"SearchAction\",\"target\":\"https:\/\/sicault-cebe-avocats.fr\/?s={search_term_string}\",\"query-input\":\"required name=search_term_string\"}],\"inLanguage\":\"fr-FR\"},{\"@type\":\"WebPage\",\"@id\":\"https:\/\/sicault-cebe-avocats.fr\/?page_id=19#webpage\",\"url\":\"https:\/\/sicault-cebe-avocats.fr\/?page_id=19\",\"name\":\"Expertises - Sicault &amp; C\\u00e8be\",\"isPartOf\":{\"@id\":\"https:\/\/sicault-cebe-avocats.fr\/#website\"},\"datePublished\":\"2019-10-06T13:34:19+00:00\",\"dateModified\":\"2021-12-06T21:05:41+00:00\",\"description\":\"Le cabinet Sicault & C\\u00e8be conseille les fonctionnaires internationaux (actifs ou retrait\\u00e9s) et les organisations internationales.\",\"breadcrumb\":{\"@id\":\"https:\/\/sicault-cebe-avocats.fr\/?page_id=19#breadcrumb\"},\"inLanguage\":\"fr-FR\",\"potentialAction\":[{\"@type\":\"ReadAction\",\"target\":[\"https:\/\/sicault-cebe-avocats.fr\/?page_id=19\"]}]},{\"@type\":\"BreadcrumbList\",\"@id\":\"https:\/\/sicault-cebe-avocats.fr\/?page_id=19#breadcrumb\",\"itemListElement\":[{\"@type\":\"ListItem\",\"position\":1,\"item\":{\"@type\":\"WebPage\",\"@id\":\"https:\/\/sicault-cebe-avocats.fr\/\",\"url\":\"https:\/\/sicault-cebe-avocats.fr\/\",\"name\":\"Accueil\"}},{\"@type\":\"ListItem\",\"position\":2,\"item\":{\"@type\":\"WebPage\",\"@id\":\"https:\/\/sicault-cebe-avocats.fr\/?page_id=19\",\"url\":\"https:\/\/sicault-cebe-avocats.fr\/?page_id=19\",\"name\":\"Expertises\"}}]}]}<\/script>\n<!-- \/ Yoast SEO plugin. -->","_links":{"self":[{"href":"https:\/\/sicault-cebe-avocats.fr\/index.php?rest_route=\/wp\/v2\/pages\/19","targetHints":{"allow":["GET"]}}],"collection":[{"href":"https:\/\/sicault-cebe-avocats.fr\/index.php?rest_route=\/wp\/v2\/pages"}],"about":[{"href":"https:\/\/sicault-cebe-avocats.fr\/index.php?rest_route=\/wp\/v2\/types\/page"}],"author":[{"embeddable":true,"href":"https:\/\/sicault-cebe-avocats.fr\/index.php?rest_route=\/wp\/v2\/users\/1"}],"replies":[{"embeddable":true,"href":"https:\/\/sicault-cebe-avocats.fr\/index.php?rest_route=%2Fwp%2Fv2%2Fcomments&post=19"}],"version-history":[{"count":2,"href":"https:\/\/sicault-cebe-avocats.fr\/index.php?rest_route=\/wp\/v2\/pages\/19\/revisions"}],"predecessor-version":[{"id":240,"href":"https:\/\/sicault-cebe-avocats.fr\/index.php?rest_route=\/wp\/v2\/pages\/19\/revisions\/240"}],"wp:attachment":[{"href":"https:\/\/sicault-cebe-avocats.fr\/index.php?rest_route=%2Fwp%2Fv2%2Fmedia&parent=19"}],"curies":[{"name":"wp","href":"https:\/\/api.w.org\/{rel}","templated":true}]}}