{"id":182,"date":"2020-01-01T12:04:54","date_gmt":"2020-01-01T11:04:54","guid":{"rendered":"http:\/\/sicault-cebe-avocats.fr\/?page_id=182"},"modified":"2020-03-15T17:19:00","modified_gmt":"2020-03-15T16:19:00","slug":"home-2","status":"publish","type":"page","link":"https:\/\/sicault-cebe-avocats.fr\/?page_id=182","title":{"rendered":"HOME"},"content":{"rendered":"\n<p class=\"has-text-align-center\">                                        Sicault &amp; C\u00e8be (S&amp;C) is a law firm                                                                                created by<a href=\"http:\/\/sicault-cebe-avocats.fr\/wp-admin\/sicault@sicault-cebe-avocats.fr\"> Jean-Didier Sicault<\/a> and <a href=\"http:\/\/sicault-cebe-avocats.fr\/wp-admin\/cebe@sicault-cebe-avocats.fr\">R\u00e9mi C\u00e8be<\/a>  <\/p>\n\n\n\n<p><\/p>\n\n\n\n<figure class=\"wp-block-table\"><table class=\"\"><tbody><tr><td class=\"has-text-align-center\" data-align=\"center\"><img loading=\"lazy\" decoding=\"async\" width=\"150\" height=\"172\" class=\"wp-image-183\" style=\"width: 150px;\" src=\"http:\/\/sicault-cebe-avocats.fr\/wp-content\/uploads\/2020\/01\/IMG_1131-2.jpg\" alt=\"\" srcset=\"https:\/\/sicault-cebe-avocats.fr\/wp-content\/uploads\/2020\/01\/IMG_1131-2.jpg 1450w, https:\/\/sicault-cebe-avocats.fr\/wp-content\/uploads\/2020\/01\/IMG_1131-2-262x300.jpg 262w, https:\/\/sicault-cebe-avocats.fr\/wp-content\/uploads\/2020\/01\/IMG_1131-2-893x1024.jpg 893w, https:\/\/sicault-cebe-avocats.fr\/wp-content\/uploads\/2020\/01\/IMG_1131-2-768x881.jpg 768w, https:\/\/sicault-cebe-avocats.fr\/wp-content\/uploads\/2020\/01\/IMG_1131-2-1339x1536.jpg 1339w, https:\/\/sicault-cebe-avocats.fr\/wp-content\/uploads\/2020\/01\/IMG_1131-2-1200x1376.jpg 1200w\" sizes=\"auto, (max-width: 150px) 85vw, 150px\" \/><\/td><td class=\"has-text-align-center\" data-align=\"center\"><img loading=\"lazy\" decoding=\"async\" width=\"150\" height=\"183\" class=\"wp-image-184\" style=\"width: 150px;\" src=\"http:\/\/sicault-cebe-avocats.fr\/wp-content\/uploads\/2020\/01\/rc.png\" alt=\"\"><\/td><\/tr><tr><td class=\"has-text-align-center\" data-align=\"center\">\u201cI am delighted to work with R\u00e9mi as a partner in our   new law firm. Since he first worked at my law firm almost 25 years ago, and during the following years when he worked as   in-house counsel for international organisations, I have greatly appreciated   his legal reasoning as well as his ethics.   I look forward to joining our forces for the best   interests of our clients.\u201d   <br>   &nbsp;      <\/td><td class=\"has-text-align-center\" data-align=\"center\">\u00ab&nbsp;After having worked as junior lawyer in   Jean-Didier\u2019s law firm at the beginning of my career, and subsequently for many years as his frequent adversary in negotiations with the OECD and before   the OECD Administrative Tribunal, we now partner in this new law firm, joining   our expertise and skills to advise, defend and represent international   organisations and their staff&nbsp;\u00bb.       <\/td><\/tr><\/tbody><\/table><\/figure>\n\n\n\n<p><strong>FOCUS<\/strong><\/p>\n\n\n\n<p><strong>The ILOAT quashes the post adjustment multiplier of specialised institutions officials in Geneva <\/strong><\/p>\n\n\n\n<p class=\"has-small-font-size\">It is not the first time that salary adjustments are sanctioned\nby the ILO Administrative Tribunal; other organisations had a bitter taste of\nit some years ago. It is, however, the very first time that the Tribunal so\nclearly sanctions the International Civil Service Commission (ICSC), which is notably\nin charge of cost of living surveys. In five landmark <a href=\"https:\/\/www.ilo.org\/dyn\/triblex\/triblexmain.showList?p_lang=fr&amp;p_session_id=128&amp;p_and_or=AND&amp;p_page=4\">judgments<\/a> delivered last July (4134,\n4135, 4136, 4137 and 4138), the Tribunal quashed the post adjustment mutiplier\nfor the specialised institutions of the United Nations, on two major grounds&nbsp;:\n1) the lack of authority of the ICSC, since the UN General Assembly has the\nexclusive authority to adopt post adjustment indices&nbsp;; 2) the violation of\nseveral general principles, including the principle according to which the\nchosen method must ensure that the results are stable, foreseeable and clearly\nunderstood or transparent.<\/p>\n\n\n\n<p class=\"has-small-font-size\">These judgments establish new case law, the first building\nblocks of which were established by the Tribunal in the 90s in the context of\ncases argued by Jean-Didier Sicault with the support of R\u00e9mi C\u00e8be. Jean-Didier\nSicault likewise represented personnel of three of the five specialized institutions\nconcerned in the recent cases before the Tribunal. &nbsp;&nbsp;<\/p>\n\n\n\n<p class=\"has-small-font-size\">However, regarding the United Nations common system,\nthe case is far from being over. The existence of two different scales\napplicable in Geneva, including the UN scale, would run counter the very\nprinciple of the common system. The Office of Staff Legal Assistance and Jean-Didier\nSicault therefore brought the case before the United Nations Dispute Tribunal. <\/p>\n\n\n\n<p class=\"has-small-font-size\">Developments to come. <\/p>\n\n\n\n<p><strong>Legal\nstatements<\/strong><\/p>\n\n\n\n<p class=\"has-small-font-size\">This website is accessible through URL www.sicault-cebe-avocats.fr (hereinafter the \u00ab&nbsp;website\u201d) published by Sicault &amp; C\u00e8be law firm (S&amp;C), Paris Bar, a limited liability partnership located 5 bis, rue Joseph Bara, 75006 Paris, France &#8211; phone: +33 (0)1 46 33 62 73 (hereinafter \u201claw firm\u201d). The editor of the website is R\u00e9mi C\u00e8be, Named Partner.                                                                             The website provider is OVH  2, rue Kellerman 59100 Roubaix, France copyright S&amp;C &#8211; 2019 <\/p>\n\n\n\n<p> <\/p>\n\n\n\n<p><strong>Terms of use<\/strong><\/p>\n\n\n\n<p class=\"has-small-font-size\">By using this website, any user agrees to be bound by\nthese terms of use, including its possible updates. This website and the\nmaterials contained therein are the exclusive intellectual property of S&amp;C.\nThis website is solely intended for the private use of any user. This website\nand the materials contained therein have been prepared for general,\nnon-exhaustive, informational purposes only on S&amp;C and shall not, in any\ncase, constitute\nsolicitation, application, or offer of,\nprofessional advice of any kind. Any user is solely\naccountable for his\/her use of the website and\/or the materials contained therein.\nS&amp;C does not take any responsibility for any direct or indirect damages resulting\nfrom the use of this website and the materials contained therein, the possible unavailability\nor inaccessibility of this website, and any viruses contained therein. S&amp;C shall\nnot take responsibility for any fraudulent use of this website causing an\nalteration of its content. <\/p>\n\n\n\n<p><\/p>\n","protected":false},"excerpt":{"rendered":"<p>Sicault &amp; C\u00e8be (S&amp;C) is a law firm created by Jean-Didier Sicault and R\u00e9mi C\u00e8be \u201cI am delighted to work with R\u00e9mi as a partner in our new law firm. Since he first worked at my law firm almost 25 years ago, and during the following years when he worked as in-house counsel for international &hellip; <a href=\"https:\/\/sicault-cebe-avocats.fr\/?page_id=182\" class=\"more-link\">Continuer la lecture<span class=\"screen-reader-text\"> de &laquo;&nbsp;HOME&nbsp;&raquo;<\/span><\/a><\/p>\n","protected":false},"author":1,"featured_media":0,"parent":0,"menu_order":0,"comment_status":"closed","ping_status":"closed","template":"","meta":{"footnotes":""},"class_list":["post-182","page","type-page","status-publish","hentry"],"yoast_head":"<!-- This site is optimized with the Yoast SEO plugin v15.9 - https:\/\/yoast.com\/wordpress\/plugins\/seo\/ -->\n<title>HOME - Sicault &amp; C\u00e8be<\/title>\n<meta name=\"robots\" content=\"index, follow, max-snippet:-1, max-image-preview:large, max-video-preview:-1\" \/>\n<link rel=\"canonical\" href=\"https:\/\/sicault-cebe-avocats.fr\/?page_id=182\" \/>\n<meta property=\"og:locale\" content=\"fr_FR\" \/>\n<meta property=\"og:type\" content=\"article\" \/>\n<meta property=\"og:title\" content=\"HOME - Sicault &amp; C\u00e8be\" \/>\n<meta property=\"og:description\" content=\"Sicault &amp; C\u00e8be (S&amp;C) is a law firm created by Jean-Didier Sicault and R\u00e9mi C\u00e8be \u201cI am delighted to work with R\u00e9mi as a partner in our new law firm. Since he first worked at my law firm almost 25 years ago, and during the following years when he worked as in-house counsel for international &hellip; Continuer la lecture de &laquo;&nbsp;HOME&nbsp;&raquo;\" \/>\n<meta property=\"og:url\" content=\"https:\/\/sicault-cebe-avocats.fr\/?page_id=182\" \/>\n<meta property=\"og:site_name\" content=\"Sicault &amp; C\u00e8be\" \/>\n<meta property=\"article:modified_time\" content=\"2020-03-15T16:19:00+00:00\" \/>\n<meta property=\"og:image\" content=\"http:\/\/sicault-cebe-avocats.fr\/wp-content\/uploads\/2020\/01\/IMG_1131-2.jpg\" \/>\n<meta name=\"twitter:card\" content=\"summary_large_image\" \/>\n<meta name=\"twitter:label1\" content=\"Dur\u00e9e de lecture est.\">\n\t<meta name=\"twitter:data1\" content=\"3 minutes\">\n<script type=\"application\/ld+json\" class=\"yoast-schema-graph\">{\"@context\":\"https:\/\/schema.org\",\"@graph\":[{\"@type\":\"WebSite\",\"@id\":\"https:\/\/sicault-cebe-avocats.fr\/#website\",\"url\":\"https:\/\/sicault-cebe-avocats.fr\/\",\"name\":\"Sicault &amp; C\\u00e8be\",\"description\":\"Avocats Associ\\u00e9s\",\"potentialAction\":[{\"@type\":\"SearchAction\",\"target\":\"https:\/\/sicault-cebe-avocats.fr\/?s={search_term_string}\",\"query-input\":\"required name=search_term_string\"}],\"inLanguage\":\"fr-FR\"},{\"@type\":\"ImageObject\",\"@id\":\"https:\/\/sicault-cebe-avocats.fr\/?page_id=182#primaryimage\",\"inLanguage\":\"fr-FR\",\"url\":\"http:\/\/sicault-cebe-avocats.fr\/wp-content\/uploads\/2020\/01\/IMG_1131-2.jpg\"},{\"@type\":\"WebPage\",\"@id\":\"https:\/\/sicault-cebe-avocats.fr\/?page_id=182#webpage\",\"url\":\"https:\/\/sicault-cebe-avocats.fr\/?page_id=182\",\"name\":\"HOME - Sicault &amp; C\\u00e8be\",\"isPartOf\":{\"@id\":\"https:\/\/sicault-cebe-avocats.fr\/#website\"},\"primaryImageOfPage\":{\"@id\":\"https:\/\/sicault-cebe-avocats.fr\/?page_id=182#primaryimage\"},\"datePublished\":\"2020-01-01T11:04:54+00:00\",\"dateModified\":\"2020-03-15T16:19:00+00:00\",\"breadcrumb\":{\"@id\":\"https:\/\/sicault-cebe-avocats.fr\/?page_id=182#breadcrumb\"},\"inLanguage\":\"fr-FR\",\"potentialAction\":[{\"@type\":\"ReadAction\",\"target\":[\"https:\/\/sicault-cebe-avocats.fr\/?page_id=182\"]}]},{\"@type\":\"BreadcrumbList\",\"@id\":\"https:\/\/sicault-cebe-avocats.fr\/?page_id=182#breadcrumb\",\"itemListElement\":[{\"@type\":\"ListItem\",\"position\":1,\"item\":{\"@type\":\"WebPage\",\"@id\":\"https:\/\/sicault-cebe-avocats.fr\/\",\"url\":\"https:\/\/sicault-cebe-avocats.fr\/\",\"name\":\"Accueil\"}},{\"@type\":\"ListItem\",\"position\":2,\"item\":{\"@type\":\"WebPage\",\"@id\":\"https:\/\/sicault-cebe-avocats.fr\/?page_id=182\",\"url\":\"https:\/\/sicault-cebe-avocats.fr\/?page_id=182\",\"name\":\"HOME\"}}]}]}<\/script>\n<!-- \/ Yoast SEO plugin. -->","_links":{"self":[{"href":"https:\/\/sicault-cebe-avocats.fr\/index.php?rest_route=\/wp\/v2\/pages\/182","targetHints":{"allow":["GET"]}}],"collection":[{"href":"https:\/\/sicault-cebe-avocats.fr\/index.php?rest_route=\/wp\/v2\/pages"}],"about":[{"href":"https:\/\/sicault-cebe-avocats.fr\/index.php?rest_route=\/wp\/v2\/types\/page"}],"author":[{"embeddable":true,"href":"https:\/\/sicault-cebe-avocats.fr\/index.php?rest_route=\/wp\/v2\/users\/1"}],"replies":[{"embeddable":true,"href":"https:\/\/sicault-cebe-avocats.fr\/index.php?rest_route=%2Fwp%2Fv2%2Fcomments&post=182"}],"version-history":[{"count":2,"href":"https:\/\/sicault-cebe-avocats.fr\/index.php?rest_route=\/wp\/v2\/pages\/182\/revisions"}],"predecessor-version":[{"id":187,"href":"https:\/\/sicault-cebe-avocats.fr\/index.php?rest_route=\/wp\/v2\/pages\/182\/revisions\/187"}],"wp:attachment":[{"href":"https:\/\/sicault-cebe-avocats.fr\/index.php?rest_route=%2Fwp%2Fv2%2Fmedia&parent=182"}],"curies":[{"name":"wp","href":"https:\/\/api.w.org\/{rel}","templated":true}]}}